{"id":11,"date":"2025-05-25T20:09:24","date_gmt":"2025-05-25T20:09:24","guid":{"rendered":"https:\/\/store.cellumi.ca\/cart\/"},"modified":"2025-05-29T20:27:18","modified_gmt":"2025-05-29T20:27:18","slug":"cart","status":"publish","type":"page","link":"https:\/\/store.cellumi.ca\/fr\/cart\/","title":{"rendered":"Panier"},"content":{"rendered":"<div data-block-name=\"woocommerce\/cart\" class=\"wp-block-woocommerce-cart alignwide is-loading\">\n<div data-block-name=\"woocommerce\/filled-cart-block\" class=\"wp-block-woocommerce-filled-cart-block\">\n<div data-block-name=\"woocommerce\/cart-items-block\" class=\"wp-block-woocommerce-cart-items-block\">\n<div data-block-name=\"woocommerce\/cart-line-items-block\" class=\"wp-block-woocommerce-cart-line-items-block\"><\/div>\n\n\n\n<div data-block-name=\"woocommerce\/cart-cross-sells-block\" class=\"wp-block-woocommerce-cart-cross-sells-block\">\n<h2 class=\"wp-block-heading has-large-font-size\">Vous pourriez \u00eatre int\u00e9ress\u00e9 par\u2026<\/h2>\n\n\n\n<div data-block-name=\"woocommerce\/cart-cross-sells-products-block\" class=\"wp-block-woocommerce-cart-cross-sells-products-block\"><\/div>\n<\/div>\n<\/div>\n\n\n\n<div data-block-name=\"woocommerce\/cart-totals-block\" class=\"wp-block-woocommerce-cart-totals-block\">\n<div data-block-name=\"woocommerce\/cart-order-summary-block\" class=\"wp-block-woocommerce-cart-order-summary-block\">\n<div data-block-name=\"woocommerce\/cart-order-summary-heading-block\" class=\"wp-block-woocommerce-cart-order-summary-heading-block\"><\/div><div data-block-name=\"woocommerce\/cart-order-summary-coupon-form-block\" class=\"wp-block-woocommerce-cart-order-summary-coupon-form-block\"><\/div><div data-block-name=\"woocommerce\/cart-order-summary-totals-block\" class=\"wp-block-woocommerce-cart-order-summary-totals-block\">\n<div data-block-name=\"woocommerce\/cart-order-summary-subtotal-block\" class=\"wp-block-woocommerce-cart-order-summary-subtotal-block\"><\/div>\n<div data-block-name=\"woocommerce\/cart-order-summary-discount-block\" class=\"wp-block-woocommerce-cart-order-summary-discount-block\"><\/div>\n<div data-block-name=\"woocommerce\/cart-order-summary-fee-block\" class=\"wp-block-woocommerce-cart-order-summary-fee-block\"><\/div>\n<div data-block-name=\"woocommerce\/cart-order-summary-shipping-block\" class=\"wp-block-woocommerce-cart-order-summary-shipping-block\"><\/div>\n<div data-block-name=\"woocommerce\/cart-order-summary-taxes-block\" class=\"wp-block-woocommerce-cart-order-summary-taxes-block\"><\/div><\/div>\n<\/div>\n\n\n\n<div data-block-name=\"woocommerce\/cart-express-payment-block\" class=\"wp-block-woocommerce-cart-express-payment-block\"><\/div>\n\n\n\n<div data-block-name=\"woocommerce\/proceed-to-checkout-block\" class=\"wp-block-woocommerce-proceed-to-checkout-block\"><\/div>\n\n\n\n<div data-block-name=\"woocommerce\/cart-accepted-payment-methods-block\" class=\"wp-block-woocommerce-cart-accepted-payment-methods-block\"><\/div>\n<\/div>\n<\/div>\n\n\n\n<div data-block-name=\"woocommerce\/empty-cart-block\" class=\"wp-block-woocommerce-empty-cart-block\">\n<h2 class=\"wp-block-heading has-text-align-center with-empty-cart-icon wc-block-cart__empty-cart__title\">Votre panier est actuellement vide !<\/h2>\n\n\n\n<hr class=\"wp-block-separator has-alpha-channel-opacity is-style-dots\"\/>\n\n\n\n<h2 class=\"wp-block-heading has-text-align-center\">Nouveau en magasin<\/h2>\n\n\n<div data-block-name=\"woocommerce\/product-new\" data-columns=\"4\" data-rows=\"1\" class=\"wc-block-grid wp-block-product-new wp-block-woocommerce-product-new wc-block-product-new has-4-columns\"><ul class=\"wc-block-grid__products\"><li class=\"wc-block-grid__product\"><span class=\"gtm4wp_productdata\" style=\"display:none; visibility:hidden;\" data-gtm4wp_product_data=\"{&quot;internal_id&quot;:1360,&quot;item_id&quot;:1360,&quot;item_name&quot;:&quot;Secure Pixel Phone \\u2013 Preinstalled with GrapheneOS&quot;,&quot;sku&quot;:1360,&quot;price&quot;:589,&quot;stocklevel&quot;:null,&quot;stockstatus&quot;:&quot;instock&quot;,&quot;google_business_vertical&quot;:&quot;retail&quot;,&quot;item_category&quot;:&quot;Privacy Products&quot;,&quot;id&quot;:1360,&quot;productlink&quot;:&quot;https:\\\/\\\/store.cellumi.ca\\\/fr\\\/produit\\\/secure-pixel-phone-preinstalled-with-grapheneos\\\/&quot;,&quot;item_list_name&quot;:&quot;General Product List&quot;,&quot;index&quot;:0,&quot;product_type&quot;:&quot;variable&quot;,&quot;item_brand&quot;:&quot;&quot;}\"><\/span>\n\t\t\t\t<a href=\"https:\/\/store.cellumi.ca\/fr\/produit\/secure-pixel-phone-preinstalled-with-grapheneos\/\" class=\"wc-block-grid__product-link\">\n\t\t\t\t\t<div class=\"wc-block-grid__product-onsale\">\n\t\t\t<span aria-hidden=\"true\" data-no-translation=\"\" data-trp-gettext=\"\">Promo<\/span>\n\t\t\t<span class=\"screen-reader-text\" data-no-translation=\"\" data-trp-gettext=\"\">Produit en promotion<\/span>\n\t\t<\/div>\n\t\t\t\t\t<div class=\"wc-block-grid__product-image\"><img fetchpriority=\"high\" decoding=\"async\" width=\"300\" height=\"300\" src=\"https:\/\/store.cellumi.ca\/wp-content\/uploads\/2025\/07\/GrapheneOS-Sell-your-phone-on-cellflip-300x300.webp\" class=\"attachment-woocommerce_thumbnail size-woocommerce_thumbnail\" alt=\"GrapheneOS Sell-your phone on cellflip\" srcset=\"https:\/\/store.cellumi.ca\/wp-content\/uploads\/2025\/07\/GrapheneOS-Sell-your-phone-on-cellflip-300x300.webp 300w, https:\/\/store.cellumi.ca\/wp-content\/uploads\/2025\/07\/GrapheneOS-Sell-your-phone-on-cellflip-150x150.webp 150w, https:\/\/store.cellumi.ca\/wp-content\/uploads\/2025\/07\/GrapheneOS-Sell-your-phone-on-cellflip-768x768.webp 768w, https:\/\/store.cellumi.ca\/wp-content\/uploads\/2025\/07\/GrapheneOS-Sell-your-phone-on-cellflip-600x600.webp 600w, https:\/\/store.cellumi.ca\/wp-content\/uploads\/2025\/07\/GrapheneOS-Sell-your-phone-on-cellflip-100x100.webp 100w, https:\/\/store.cellumi.ca\/wp-content\/uploads\/2025\/07\/GrapheneOS-Sell-your-phone-on-cellflip-50x50.webp 50w, https:\/\/store.cellumi.ca\/wp-content\/uploads\/2025\/07\/GrapheneOS-Sell-your-phone-on-cellflip.webp 1000w\" sizes=\"(max-width: 300px) 100vw, 300px\" \/><\/div>\n\t\t\t\t\t<div class=\"wc-block-grid__product-title\">T\u00e9l\u00e9phone Pixel s\u00e9curis\u00e9 \u2013 Pr\u00e9install\u00e9 avec GrapheneOS<\/div>\n\t\t\t\t<\/a>\n\t\t\t\t<div class=\"wc-block-grid__product-price price\"><span class=\"woocommerce-Price-amount amount\" aria-hidden=\"true\"><span class=\"woocommerce-Price-currencySymbol\">&#036;<\/span>589.00<\/span> <span aria-hidden=\"true\">\u00a0\u2013\u00a0<\/span> <span class=\"woocommerce-Price-amount amount\" aria-hidden=\"true\"><span class=\"woocommerce-Price-currencySymbol\">&#036;<\/span>738.00<\/span><span class=\"screen-reader-text\" data-no-translation=\"\" data-trp-gettext=\"\">Plage de prix\u00a0: &#036;589.00 \u00e0 &#036;738.00<\/span><\/div>\n\t\t\t\t\n\t\t\t\t<div class=\"wp-block-button wc-block-grid__product-add-to-cart\"><a href=\"https:\/\/store.cellumi.ca\/fr\/produit\/secure-pixel-phone-preinstalled-with-grapheneos\/\" aria-label=\"S\u00e9lectionnez les options pour \u00ab\u00a0Secure Pixel Phone \u2013 Preinstalled with GrapheneOS\u00a0\u00bb\" data-quantity=\"1\" data-product_id=\"1360\" data-product_sku=\"\" data-price=\"589\" rel=\"nofollow\" class=\"wp-block-button__link  add_to_cart_button\" data-no-translation=\"\" data-trp-gettext=\"\" data-no-translation-aria-label=\"\">S\u00e9lectionnez les options<\/a><\/div>\n\t\t\t<\/li><li class=\"wc-block-grid__product\"><span class=\"gtm4wp_productdata\" style=\"display:none; visibility:hidden;\" data-gtm4wp_product_data=\"{&quot;internal_id&quot;:1303,&quot;item_id&quot;:1303,&quot;item_name&quot;:&quot;9\\\/year 30 GB&quot;,&quot;sku&quot;:1303,&quot;price&quot;:149,&quot;stocklevel&quot;:null,&quot;stockstatus&quot;:&quot;instock&quot;,&quot;google_business_vertical&quot;:&quot;retail&quot;,&quot;item_category&quot;:&quot;Prepaid SIM&quot;,&quot;id&quot;:1303,&quot;productlink&quot;:&quot;https:\\\/\\\/store.cellumi.ca\\\/fr\\\/produit\\\/149-year-30-gb\\\/&quot;,&quot;item_list_name&quot;:&quot;General Product List&quot;,&quot;index&quot;:0,&quot;product_type&quot;:&quot;simple&quot;,&quot;item_brand&quot;:&quot;&quot;}\"><\/span>\n\t\t\t\t<a href=\"https:\/\/store.cellumi.ca\/fr\/produit\/149-year-30-gb\/\" class=\"wc-block-grid__product-link\">\n\t\t\t\t\t\n\t\t\t\t\t<div class=\"wc-block-grid__product-image\"><img decoding=\"async\" width=\"300\" height=\"300\" src=\"https:\/\/store.cellumi.ca\/wp-content\/uploads\/2025\/07\/149_year-30-GB-300x300.png\" class=\"attachment-woocommerce_thumbnail size-woocommerce_thumbnail\" alt=\"$149\/year 30 GB\" srcset=\"https:\/\/store.cellumi.ca\/wp-content\/uploads\/2025\/07\/149_year-30-GB-300x300.png 300w, https:\/\/store.cellumi.ca\/wp-content\/uploads\/2025\/07\/149_year-30-GB-150x150.png 150w, https:\/\/store.cellumi.ca\/wp-content\/uploads\/2025\/07\/149_year-30-GB-100x100.png 100w, https:\/\/store.cellumi.ca\/wp-content\/uploads\/2025\/07\/149_year-30-GB-50x50.png 50w, https:\/\/store.cellumi.ca\/wp-content\/uploads\/2025\/07\/149_year-30-GB.png 500w\" sizes=\"(max-width: 300px) 100vw, 300px\" \/><\/div>\n\t\t\t\t\t<div class=\"wc-block-grid__product-title\">$149\/an 30 Go<\/div>\n\t\t\t\t<\/a>\n\t\t\t\t<div class=\"wc-block-grid__product-price price\"><span class=\"woocommerce-Price-amount amount\"><span class=\"woocommerce-Price-currencySymbol\">&#036;<\/span>149.00<\/span><\/div>\n\t\t\t\t\n\t\t\t\t<div class=\"wp-block-button wc-block-grid__product-add-to-cart\"><a href=\"\/fr\/wp-json\/wp\/v2\/pages\/11?add-to-cart=1303\" aria-label=\"Ajouter au panier : \u00ab $149\/year 30 GB \u00bb\" data-quantity=\"1\" data-product_id=\"1303\" data-product_sku=\"\" data-price=\"149\" rel=\"nofollow\" class=\"wp-block-button__link  add_to_cart_button ajax_add_to_cart\" data-no-translation=\"\" data-trp-gettext=\"\" data-no-translation-aria-label=\"\">Ajouter au panier<\/a><\/div>\n\t\t\t<\/li><li class=\"wc-block-grid__product\"><span class=\"gtm4wp_productdata\" style=\"display:none; visibility:hidden;\" data-gtm4wp_product_data=\"{&quot;internal_id&quot;:1302,&quot;item_id&quot;:1302,&quot;item_name&quot;:&quot;\\\/mo 80 GB&quot;,&quot;sku&quot;:1302,&quot;price&quot;:45,&quot;stocklevel&quot;:null,&quot;stockstatus&quot;:&quot;instock&quot;,&quot;google_business_vertical&quot;:&quot;retail&quot;,&quot;item_category&quot;:&quot;Prepaid SIM&quot;,&quot;id&quot;:1302,&quot;productlink&quot;:&quot;https:\\\/\\\/store.cellumi.ca\\\/fr\\\/produit\\\/45-mo-80-gb\\\/&quot;,&quot;item_list_name&quot;:&quot;General Product List&quot;,&quot;index&quot;:0,&quot;product_type&quot;:&quot;simple&quot;,&quot;item_brand&quot;:&quot;&quot;}\"><\/span>\n\t\t\t\t<a href=\"https:\/\/store.cellumi.ca\/fr\/produit\/45-mo-80-gb\/\" class=\"wc-block-grid__product-link\">\n\t\t\t\t\t\n\t\t\t\t\t<div class=\"wc-block-grid__product-image\"><img decoding=\"async\" width=\"300\" height=\"300\" src=\"https:\/\/store.cellumi.ca\/wp-content\/uploads\/2025\/07\/45_mo-80-GB-300x300.png\" class=\"attachment-woocommerce_thumbnail size-woocommerce_thumbnail\" alt=\"$45\/mo 80 GB\" srcset=\"https:\/\/store.cellumi.ca\/wp-content\/uploads\/2025\/07\/45_mo-80-GB-300x300.png 300w, https:\/\/store.cellumi.ca\/wp-content\/uploads\/2025\/07\/45_mo-80-GB-150x150.png 150w, https:\/\/store.cellumi.ca\/wp-content\/uploads\/2025\/07\/45_mo-80-GB-100x100.png 100w, https:\/\/store.cellumi.ca\/wp-content\/uploads\/2025\/07\/45_mo-80-GB-50x50.png 50w, https:\/\/store.cellumi.ca\/wp-content\/uploads\/2025\/07\/45_mo-80-GB.png 500w\" sizes=\"(max-width: 300px) 100vw, 300px\" \/><\/div>\n\t\t\t\t\t<div class=\"wc-block-grid__product-title\">$45\/mois 80 Go<\/div>\n\t\t\t\t<\/a>\n\t\t\t\t<div class=\"wc-block-grid__product-price price\"><span class=\"woocommerce-Price-amount amount\"><span class=\"woocommerce-Price-currencySymbol\">&#036;<\/span>45.00<\/span><\/div>\n\t\t\t\t\n\t\t\t\t<div class=\"wp-block-button wc-block-grid__product-add-to-cart\"><a href=\"\/fr\/wp-json\/wp\/v2\/pages\/11?add-to-cart=1302\" aria-label=\"Ajouter au panier : \u00ab $45\/mo 80 GB \u00bb\" data-quantity=\"1\" data-product_id=\"1302\" data-product_sku=\"\" data-price=\"45\" rel=\"nofollow\" class=\"wp-block-button__link  add_to_cart_button ajax_add_to_cart\" data-no-translation=\"\" data-trp-gettext=\"\" data-no-translation-aria-label=\"\">Ajouter au panier<\/a><\/div>\n\t\t\t<\/li><li class=\"wc-block-grid__product\"><span class=\"gtm4wp_productdata\" style=\"display:none; visibility:hidden;\" data-gtm4wp_product_data=\"{&quot;internal_id&quot;:1301,&quot;item_id&quot;:1301,&quot;item_name&quot;:&quot;\\\/mo 60 GB&quot;,&quot;sku&quot;:1301,&quot;price&quot;:34,&quot;stocklevel&quot;:null,&quot;stockstatus&quot;:&quot;instock&quot;,&quot;google_business_vertical&quot;:&quot;retail&quot;,&quot;item_category&quot;:&quot;Prepaid SIM&quot;,&quot;id&quot;:1301,&quot;productlink&quot;:&quot;https:\\\/\\\/store.cellumi.ca\\\/fr\\\/produit\\\/34-mo-60-gb\\\/&quot;,&quot;item_list_name&quot;:&quot;General Product List&quot;,&quot;index&quot;:0,&quot;product_type&quot;:&quot;simple&quot;,&quot;item_brand&quot;:&quot;&quot;}\"><\/span>\n\t\t\t\t<a href=\"https:\/\/store.cellumi.ca\/fr\/produit\/34-mo-60-gb\/\" class=\"wc-block-grid__product-link\">\n\t\t\t\t\t\n\t\t\t\t\t<div class=\"wc-block-grid__product-image\"><img loading=\"lazy\" decoding=\"async\" width=\"300\" height=\"300\" src=\"https:\/\/store.cellumi.ca\/wp-content\/uploads\/2025\/07\/34_mo-60-GB-300x300.png\" class=\"attachment-woocommerce_thumbnail size-woocommerce_thumbnail\" alt=\"$34\/mo 60 GB\" srcset=\"https:\/\/store.cellumi.ca\/wp-content\/uploads\/2025\/07\/34_mo-60-GB-300x300.png 300w, https:\/\/store.cellumi.ca\/wp-content\/uploads\/2025\/07\/34_mo-60-GB-150x150.png 150w, https:\/\/store.cellumi.ca\/wp-content\/uploads\/2025\/07\/34_mo-60-GB-100x100.png 100w, https:\/\/store.cellumi.ca\/wp-content\/uploads\/2025\/07\/34_mo-60-GB-50x50.png 50w, https:\/\/store.cellumi.ca\/wp-content\/uploads\/2025\/07\/34_mo-60-GB.png 500w\" sizes=\"(max-width: 300px) 100vw, 300px\" \/><\/div>\n\t\t\t\t\t<div class=\"wc-block-grid__product-title\">$34\/mois 60 Go<\/div>\n\t\t\t\t<\/a>\n\t\t\t\t<div class=\"wc-block-grid__product-price price\"><span class=\"woocommerce-Price-amount amount\"><span class=\"woocommerce-Price-currencySymbol\">&#036;<\/span>34.00<\/span><\/div>\n\t\t\t\t\n\t\t\t\t<div class=\"wp-block-button wc-block-grid__product-add-to-cart\"><a href=\"\/fr\/wp-json\/wp\/v2\/pages\/11?add-to-cart=1301\" aria-label=\"Ajouter au panier : \u00ab $34\/mo 60 GB \u00bb\" data-quantity=\"1\" data-product_id=\"1301\" data-product_sku=\"\" data-price=\"34\" rel=\"nofollow\" class=\"wp-block-button__link  add_to_cart_button ajax_add_to_cart\" data-no-translation=\"\" data-trp-gettext=\"\" data-no-translation-aria-label=\"\">Ajouter au panier<\/a><\/div>\n\t\t\t<\/li><\/ul><\/div><\/div>\n<\/div>","protected":false},"excerpt":{"rendered":"","protected":false},"author":1,"featured_media":0,"parent":0,"menu_order":0,"comment_status":"closed","ping_status":"closed","template":"","meta":{"site-sidebar-layout":"default","site-content-layout":"","ast-site-content-layout":"default","site-content-style":"default","site-sidebar-style":"default","ast-global-header-display":"","ast-banner-title-visibility":"","ast-main-header-display":"","ast-hfb-above-header-display":"","ast-hfb-below-header-display":"","ast-hfb-mobile-header-display":"","site-post-title":"","ast-breadcrumbs-content":"","ast-featured-img":"","footer-sml-layout":"","ast-disable-related-posts":"","theme-transparent-header-meta":"","adv-header-id-meta":"","stick-header-meta":"","header-above-stick-meta":"","header-main-stick-meta":"","header-below-stick-meta":"","astra-migrate-meta-layouts":"default","ast-page-background-enabled":"default","ast-page-background-meta":{"desktop":{"background-color":"var(--ast-global-color-5)","background-image":"","background-repeat":"repeat","background-position":"center center","background-size":"auto","background-attachment":"scroll","background-type":"","background-media":"","overlay-type":"","overlay-color":"","overlay-opacity":"","overlay-gradient":""},"tablet":{"background-color":"","background-image":"","background-repeat":"repeat","background-position":"center center","background-size":"auto","background-attachment":"scroll","background-type":"","background-media":"","overlay-type":"","overlay-color":"","overlay-opacity":"","overlay-gradient":""},"mobile":{"background-color":"","background-image":"","background-repeat":"repeat","background-position":"center center","background-size":"auto","background-attachment":"scroll","background-type":"","background-media":"","overlay-type":"","overlay-color":"","overlay-opacity":"","overlay-gradient":""}},"ast-content-background-meta":{"desktop":{"background-color":"var(--ast-global-color-4)","background-image":"","background-repeat":"repeat","background-position":"center center","background-size":"auto","background-attachment":"scroll","background-type":"","background-media":"","overlay-type":"","overlay-color":"","overlay-opacity":"","overlay-gradient":""},"tablet":{"background-color":"var(--ast-global-color-4)","background-image":"","background-repeat":"repeat","background-position":"center center","background-size":"auto","background-attachment":"scroll","background-type":"","background-media":"","overlay-type":"","overlay-color":"","overlay-opacity":"","overlay-gradient":""},"mobile":{"background-color":"var(--ast-global-color-4)","background-image":"","background-repeat":"repeat","background-position":"center center","background-size":"auto","background-attachment":"scroll","background-type":"","background-media":"","overlay-type":"","overlay-color":"","overlay-opacity":"","overlay-gradient":""}},"footnotes":""},"class_list":["post-11","page","type-page","status-publish","hentry"],"_hostinger_reach_plugin_has_subscription_block":false,"_hostinger_reach_plugin_is_elementor":false,"_links":{"self":[{"href":"https:\/\/store.cellumi.ca\/fr\/wp-json\/wp\/v2\/pages\/11","targetHints":{"allow":["GET"]}}],"collection":[{"href":"https:\/\/store.cellumi.ca\/fr\/wp-json\/wp\/v2\/pages"}],"about":[{"href":"https:\/\/store.cellumi.ca\/fr\/wp-json\/wp\/v2\/types\/page"}],"author":[{"embeddable":true,"href":"https:\/\/store.cellumi.ca\/fr\/wp-json\/wp\/v2\/users\/1"}],"replies":[{"embeddable":true,"href":"https:\/\/store.cellumi.ca\/fr\/wp-json\/wp\/v2\/comments?post=11"}],"version-history":[{"count":1,"href":"https:\/\/store.cellumi.ca\/fr\/wp-json\/wp\/v2\/pages\/11\/revisions"}],"predecessor-version":[{"id":35,"href":"https:\/\/store.cellumi.ca\/fr\/wp-json\/wp\/v2\/pages\/11\/revisions\/35"}],"wp:attachment":[{"href":"https:\/\/store.cellumi.ca\/fr\/wp-json\/wp\/v2\/media?parent=11"}],"curies":[{"name":"wp","href":"https:\/\/api.w.org\/{rel}","templated":true}]}}